{"id":621,"date":"2025-05-24T14:57:31","date_gmt":"2025-05-24T12:57:31","guid":{"rendered":"http:\/\/thalassa.one\/?page_id=621"},"modified":"2025-05-24T14:57:31","modified_gmt":"2025-05-24T12:57:31","slug":"collaborations","status":"publish","type":"page","link":"http:\/\/thalassa.one\/?page_id=621","title":{"rendered":"Collaborations"},"content":{"rendered":"\n<h2 class=\"wp-block-heading\">Current and past collaborations<\/h2>\n\n\n\n<ul class=\"wp-block-list\">\n<li>Associazione Comuni Virtuosi<\/li>\n\n\n\n<li>Associazione A Sud \u2013 Ecologia e Cooperazione OdV<\/li>\n\n\n\n<li>Centro Documentazione Conflitti Ambientali<\/li>\n\n\n\n<li>Exp\u00e9dition MED<\/li>\n\n\n\n<li>France Nature Environnement PACA<\/li>\n\n\n\n<li>Greenpeace Italia<\/li>\n\n\n\n<li>Laboratoire d\u2019Oc\u00e9anographie et du Climat : Exp\u00e9rimentations et Approches Num\u00e9riques (LOCEAN)<\/li>\n\n\n\n<li>Mediterranean Institute of Oceanography (MIO)<\/li>\n\n\n\n<li>Mus\u00e9um national d\u2019Histoire naturelle (MNHN)<\/li>\n\n\n\n<li>Plastic and Ocean Platform<\/li>\n\n\n\n<li>Semi di Scienza<\/li>\n\n\n\n<li>UNEP Secretariat of the Basel, Rotterdam, Stockholm Conventions<\/li>\n\n\n\n<li>Universit\u00e0 Cattolica del Sacro Cuore<\/li>\n\n\n\n<li>Universit\u00e0 di Pisa<\/li>\n\n\n\n<li>Zanichelli Editore<\/li>\n<\/ul>\n","protected":false},"excerpt":{"rendered":"<p>Current and past collaborations<\/p>\n","protected":false},"author":1,"featured_media":0,"parent":0,"menu_order":0,"comment_status":"closed","ping_status":"closed","template":"","meta":{"footnotes":""},"class_list":["post-621","page","type-page","status-publish","hentry"],"yoast_head":"<!-- This site is optimized with the Yoast SEO plugin v23.2 - https:\/\/yoast.com\/wordpress\/plugins\/seo\/ -->\n<title>Collaborations - Thalassa<\/title>\n<meta name=\"robots\" content=\"index, follow, max-snippet:-1, max-image-preview:large, max-video-preview:-1\" \/>\n<link rel=\"canonical\" href=\"https:\/\/thalassa.one\/?page_id=621\" \/>\n<meta property=\"og:locale\" content=\"en_US\" \/>\n<meta property=\"og:type\" content=\"article\" \/>\n<meta property=\"og:title\" content=\"Collaborations - Thalassa\" \/>\n<meta property=\"og:description\" content=\"Current and past collaborations\" \/>\n<meta property=\"og:url\" content=\"https:\/\/thalassa.one\/?page_id=621\" \/>\n<meta property=\"og:site_name\" content=\"Thalassa\" \/>\n<meta name=\"twitter:card\" content=\"summary_large_image\" \/>\n<meta name=\"twitter:label1\" content=\"Est. reading time\" \/>\n\t<meta name=\"twitter:data1\" content=\"1 minute\" \/>\n<script type=\"application\/ld+json\" class=\"yoast-schema-graph\">{\"@context\":\"https:\/\/schema.org\",\"@graph\":[{\"@type\":\"WebPage\",\"@id\":\"https:\/\/thalassa.one\/?page_id=621\",\"url\":\"https:\/\/thalassa.one\/?page_id=621\",\"name\":\"Collaborations - Thalassa\",\"isPartOf\":{\"@id\":\"https:\/\/thalassa.one\/#website\"},\"datePublished\":\"2025-05-24T12:57:31+00:00\",\"dateModified\":\"2025-05-24T12:57:31+00:00\",\"breadcrumb\":{\"@id\":\"https:\/\/thalassa.one\/?page_id=621#breadcrumb\"},\"inLanguage\":\"en-US\",\"potentialAction\":[{\"@type\":\"ReadAction\",\"target\":[\"https:\/\/thalassa.one\/?page_id=621\"]}]},{\"@type\":\"BreadcrumbList\",\"@id\":\"https:\/\/thalassa.one\/?page_id=621#breadcrumb\",\"itemListElement\":[{\"@type\":\"ListItem\",\"position\":1,\"name\":\"Home\",\"item\":\"https:\/\/thalassa.one\/\"},{\"@type\":\"ListItem\",\"position\":2,\"name\":\"Collaborations\"}]},{\"@type\":\"WebSite\",\"@id\":\"https:\/\/thalassa.one\/#website\",\"url\":\"https:\/\/thalassa.one\/\",\"name\":\"Thalassa\",\"description\":\"\",\"publisher\":{\"@id\":\"https:\/\/thalassa.one\/#organization\"},\"potentialAction\":[{\"@type\":\"SearchAction\",\"target\":{\"@type\":\"EntryPoint\",\"urlTemplate\":\"https:\/\/thalassa.one\/?s={search_term_string}\"},\"query-input\":\"required name=search_term_string\"}],\"inLanguage\":\"en-US\"},{\"@type\":\"Organization\",\"@id\":\"https:\/\/thalassa.one\/#organization\",\"name\":\"Thalassa\",\"url\":\"https:\/\/thalassa.one\/\",\"logo\":{\"@type\":\"ImageObject\",\"inLanguage\":\"en-US\",\"@id\":\"https:\/\/thalassa.one\/#\/schema\/logo\/image\/\",\"url\":\"http:\/\/thalassa.one\/wp-content\/uploads\/2024\/04\/Thalassa-logo250px-400px.png\",\"contentUrl\":\"http:\/\/thalassa.one\/wp-content\/uploads\/2024\/04\/Thalassa-logo250px-400px.png\",\"width\":400,\"height\":250,\"caption\":\"Thalassa\"},\"image\":{\"@id\":\"https:\/\/thalassa.one\/#\/schema\/logo\/image\/\"}}]}<\/script>\n<!-- \/ Yoast SEO plugin. -->","yoast_head_json":{"title":"Collaborations - Thalassa","robots":{"index":"index","follow":"follow","max-snippet":"max-snippet:-1","max-image-preview":"max-image-preview:large","max-video-preview":"max-video-preview:-1"},"canonical":"https:\/\/thalassa.one\/?page_id=621","og_locale":"en_US","og_type":"article","og_title":"Collaborations - Thalassa","og_description":"Current and past collaborations","og_url":"https:\/\/thalassa.one\/?page_id=621","og_site_name":"Thalassa","twitter_card":"summary_large_image","twitter_misc":{"Est. reading time":"1 minute"},"schema":{"@context":"https:\/\/schema.org","@graph":[{"@type":"WebPage","@id":"https:\/\/thalassa.one\/?page_id=621","url":"https:\/\/thalassa.one\/?page_id=621","name":"Collaborations - Thalassa","isPartOf":{"@id":"https:\/\/thalassa.one\/#website"},"datePublished":"2025-05-24T12:57:31+00:00","dateModified":"2025-05-24T12:57:31+00:00","breadcrumb":{"@id":"https:\/\/thalassa.one\/?page_id=621#breadcrumb"},"inLanguage":"en-US","potentialAction":[{"@type":"ReadAction","target":["https:\/\/thalassa.one\/?page_id=621"]}]},{"@type":"BreadcrumbList","@id":"https:\/\/thalassa.one\/?page_id=621#breadcrumb","itemListElement":[{"@type":"ListItem","position":1,"name":"Home","item":"https:\/\/thalassa.one\/"},{"@type":"ListItem","position":2,"name":"Collaborations"}]},{"@type":"WebSite","@id":"https:\/\/thalassa.one\/#website","url":"https:\/\/thalassa.one\/","name":"Thalassa","description":"","publisher":{"@id":"https:\/\/thalassa.one\/#organization"},"potentialAction":[{"@type":"SearchAction","target":{"@type":"EntryPoint","urlTemplate":"https:\/\/thalassa.one\/?s={search_term_string}"},"query-input":"required name=search_term_string"}],"inLanguage":"en-US"},{"@type":"Organization","@id":"https:\/\/thalassa.one\/#organization","name":"Thalassa","url":"https:\/\/thalassa.one\/","logo":{"@type":"ImageObject","inLanguage":"en-US","@id":"https:\/\/thalassa.one\/#\/schema\/logo\/image\/","url":"http:\/\/thalassa.one\/wp-content\/uploads\/2024\/04\/Thalassa-logo250px-400px.png","contentUrl":"http:\/\/thalassa.one\/wp-content\/uploads\/2024\/04\/Thalassa-logo250px-400px.png","width":400,"height":250,"caption":"Thalassa"},"image":{"@id":"https:\/\/thalassa.one\/#\/schema\/logo\/image\/"}}]}},"_links":{"self":[{"href":"http:\/\/thalassa.one\/index.php?rest_route=\/wp\/v2\/pages\/621","targetHints":{"allow":["GET"]}}],"collection":[{"href":"http:\/\/thalassa.one\/index.php?rest_route=\/wp\/v2\/pages"}],"about":[{"href":"http:\/\/thalassa.one\/index.php?rest_route=\/wp\/v2\/types\/page"}],"author":[{"embeddable":true,"href":"http:\/\/thalassa.one\/index.php?rest_route=\/wp\/v2\/users\/1"}],"replies":[{"embeddable":true,"href":"http:\/\/thalassa.one\/index.php?rest_route=%2Fwp%2Fv2%2Fcomments&post=621"}],"version-history":[{"count":2,"href":"http:\/\/thalassa.one\/index.php?rest_route=\/wp\/v2\/pages\/621\/revisions"}],"predecessor-version":[{"id":623,"href":"http:\/\/thalassa.one\/index.php?rest_route=\/wp\/v2\/pages\/621\/revisions\/623"}],"wp:attachment":[{"href":"http:\/\/thalassa.one\/index.php?rest_route=%2Fwp%2Fv2%2Fmedia&parent=621"}],"curies":[{"name":"wp","href":"https:\/\/api.w.org\/{rel}","templated":true}]}}